{"id":2599,"date":"2022-04-08T18:59:06","date_gmt":"2022-04-08T18:59:06","guid":{"rendered":"https:\/\/localpayments.ca\/terminaux-virtuels\/"},"modified":"2026-03-11T18:24:02","modified_gmt":"2026-03-11T18:24:02","slug":"terminaux-virtuels","status":"publish","type":"page","link":"https:\/\/localpayments.ca\/fr\/terminaux-virtuels\/","title":{"rendered":"Terminaux virtuels"},"content":{"rendered":"\t\t<div data-elementor-type=\"wp-page\" data-elementor-id=\"2599\" class=\"elementor elementor-2599 elementor-721\">\n\t\t\t\t\t\t<section class=\"elementor-section elementor-top-section elementor-element elementor-element-210c54a elementor-section-content-middle elementor-section-boxed elementor-section-height-default elementor-section-height-default\" data-id=\"210c54a\" data-element_type=\"section\" data-e-type=\"section\" data-settings=\"{&quot;background_background&quot;:&quot;classic&quot;}\">\n\t\t\t\t\t\t\t<div class=\"elementor-background-overlay\"><\/div>\n\t\t\t\t\t\t\t<div class=\"elementor-container elementor-column-gap-no\">\n\t\t\t\t\t<div class=\"elementor-column elementor-col-100 elementor-top-column elementor-element elementor-element-e1dc26e\" data-id=\"e1dc26e\" data-element_type=\"column\" data-e-type=\"column\">\n\t\t\t<div class=\"elementor-widget-wrap elementor-element-populated\">\n\t\t\t\t\t\t<div class=\"elementor-element elementor-element-26e5d5c elementor-widget elementor-widget-heading\" data-id=\"26e5d5c\" data-element_type=\"widget\" data-e-type=\"widget\" data-widget_type=\"heading.default\">\n\t\t\t\t<div class=\"elementor-widget-container\">\n\t\t\t\t\t<h1 class=\"elementor-heading-title elementor-size-default\">Terminaux virtuels<\/h1>\t\t\t\t<\/div>\n\t\t\t\t<\/div>\n\t\t\t\t\t<\/div>\n\t\t<\/div>\n\t\t\t\t\t<\/div>\n\t\t<\/section>\n\t\t\t\t<section class=\"elementor-section elementor-top-section elementor-element elementor-element-bb373b3 elementor-section-content-middle elementor-section-boxed elementor-section-height-default elementor-section-height-default\" data-id=\"bb373b3\" data-element_type=\"section\" data-e-type=\"section\" data-settings=\"{&quot;background_background&quot;:&quot;classic&quot;}\">\n\t\t\t\t\t\t<div class=\"elementor-container elementor-column-gap-no\">\n\t\t\t\t\t<div class=\"elementor-column elementor-col-50 elementor-top-column elementor-element elementor-element-f5a849f\" data-id=\"f5a849f\" data-element_type=\"column\" data-e-type=\"column\" data-settings=\"{&quot;background_background&quot;:&quot;classic&quot;}\">\n\t\t\t<div class=\"elementor-widget-wrap elementor-element-populated\">\n\t\t\t\t\t<div class=\"elementor-background-overlay\"><\/div>\n\t\t\t\t\t\t<div class=\"elementor-element elementor-element-38fd44a4 elementor-widget elementor-widget-image\" data-id=\"38fd44a4\" data-element_type=\"widget\" data-e-type=\"widget\" data-widget_type=\"image.default\">\n\t\t\t\t<div class=\"elementor-widget-container\">\n\t\t\t\t\t\t\t\t\t\t\t\t\t\t\t<img fetchpriority=\"high\" decoding=\"async\" width=\"1024\" height=\"683\" src=\"https:\/\/localpayments.ca\/wp-content\/uploads\/2022\/06\/Virtual-Terminals-Page-min_img-1024x683.png\" class=\"attachment-large size-large wp-image-2598\" alt=\"\" srcset=\"https:\/\/localpayments.ca\/wp-content\/uploads\/2022\/06\/Virtual-Terminals-Page-min_img-1024x683.png 1024w, https:\/\/localpayments.ca\/wp-content\/uploads\/2022\/06\/Virtual-Terminals-Page-min_img-300x200.png 300w, https:\/\/localpayments.ca\/wp-content\/uploads\/2022\/06\/Virtual-Terminals-Page-min_img-768x512.png 768w, https:\/\/localpayments.ca\/wp-content\/uploads\/2022\/06\/Virtual-Terminals-Page-min_img-1536x1024.png 1536w, https:\/\/localpayments.ca\/wp-content\/uploads\/2022\/06\/Virtual-Terminals-Page-min_img-2048x1366.png 2048w\" sizes=\"(max-width: 1024px) 100vw, 1024px\" \/>\t\t\t\t\t\t\t\t\t\t\t\t\t\t\t<\/div>\n\t\t\t\t<\/div>\n\t\t\t\t\t<\/div>\n\t\t<\/div>\n\t\t\t\t<div class=\"elementor-column elementor-col-50 elementor-top-column elementor-element elementor-element-1c8f8fb2\" data-id=\"1c8f8fb2\" data-element_type=\"column\" data-e-type=\"column\">\n\t\t\t<div class=\"elementor-widget-wrap elementor-element-populated\">\n\t\t\t\t\t\t<div class=\"elementor-element elementor-element-15e3cbd3 elementor-widget elementor-widget-heading\" data-id=\"15e3cbd3\" data-element_type=\"widget\" data-e-type=\"widget\" data-widget_type=\"heading.default\">\n\t\t\t\t<div class=\"elementor-widget-container\">\n\t\t\t\t\t<h3 class=\"elementor-heading-title elementor-size-default\">Transformez nimporte quel appareil Web ou mobile en un terminal de paiement rentable<\/h3>\t\t\t\t<\/div>\n\t\t\t\t<\/div>\n\t\t\t\t<div class=\"elementor-element elementor-element-8b0867f elementor-widget elementor-widget-text-editor\" data-id=\"8b0867f\" data-element_type=\"widget\" data-e-type=\"widget\" data-widget_type=\"text-editor.default\">\n\t\t\t\t<div class=\"elementor-widget-container\">\n\t\t\t\t\t\t\t\t\tAcceptez des paiements depuis votre PC  rapidement et en toute scurit, partout et  tout moment  sans investissement majeur en argent ou en efforts. La passerelle de paiement Converge (anciennement Virtual Merchant) est une solution de paiement hberge complte qui transforme instantanment vos PC en terminaux de paiement virtuels. Mieux encore, Converge est conu pour sadapter aux organisations de toutes tailles dans nimporte quel secteur dactivit. Les informations de compte en ligne et les rapports dtaills offrent  votre entreprise les outils ncessaires pour grer le traitement des paiements de manire plus efficace et efficiente.   \n<ul>\n<li><span style=\"font-weight: 400;\">Acceptez une gamme complte de types de paiement  des cartes de crdit et de dbit aux chques lectroniques et cartes-cadeaux.<\/li>\n<li><span style=\"font-weight: 400;\">Traitez les transactions en personne, par commande postale ou tlphonique, ou dans des environnements de commerce lectronique.<\/li>\n<li><span style=\"font-weight: 400;\">Grez facilement les paiements rcurrents et les versements chelonns.<\/li>\n<li><span style=\"font-weight: 400;\">Rduisez les risques et les tracas lis  la conformit en laissant Converge protger vos donnes financires et sassurer que vous tes en conformit avec les dernires normes et rglementations de scurit du secteur.<\/li>\t\t\t\t\t\t\t\t<\/div>\n\t\t\t\t<\/div>\n\t\t\t\t<div class=\"elementor-element elementor-element-67b24ac elementor-widget elementor-widget-accordion\" data-id=\"67b24ac\" data-element_type=\"widget\" data-e-type=\"widget\" data-widget_type=\"accordion.default\">\n\t\t\t\t<div class=\"elementor-widget-container\">\n\t\t\t\t\t\t\t<div class=\"elementor-accordion\">\n\t\t\t\t\t\t\t<div class=\"elementor-accordion-item\">\n\t\t\t\t\t<div id=\"elementor-tab-title-1081\" class=\"elementor-tab-title\" data-tab=\"1\" role=\"button\" aria-controls=\"elementor-tab-content-1081\" aria-expanded=\"false\">\n\t\t\t\t\t\t\t\t\t\t\t\t\t<span class=\"elementor-accordion-icon elementor-accordion-icon-left\" aria-hidden=\"true\">\n\t\t\t\t\t\t\t\t\t\t\t\t\t\t\t<span class=\"elementor-accordion-icon-closed\"><i class=\"fas fa-plus\"><\/i><\/span>\n\t\t\t\t\t\t\t\t<span class=\"elementor-accordion-icon-opened\"><i class=\"fas fa-minus\"><\/i><\/span>\n\t\t\t\t\t\t\t\t\t\t\t\t\t\t<\/span>\n\t\t\t\t\t\t\t\t\t\t\t\t<a class=\"elementor-accordion-title\" tabindex=\"0\">Fonctionnalit\u00e9s<\/a>\n\t\t\t\t\t<\/div>\n\t\t\t\t\t<div id=\"elementor-tab-content-1081\" class=\"elementor-tab-content elementor-clearfix\" data-tab=\"1\" role=\"region\" aria-labelledby=\"elementor-tab-title-1081\"><ul>\n<li><span style=\"font-weight: 400;\">Rapide et facile  configurer  connectez-vous simplement  votre compte de terminal virtuel<\/li>\n<li><span style=\"font-weight: 400;\">Des outils avanc\u00e9s de s\u00e9curit\u00e9 et de gestion des risques prot\u00e8gent votre entreprise et les donn\u00e9es des titulaires de carte<\/li>\n<li><span style=\"font-weight: 400;\">Traitez les paiements rcurrents, chelonns et postdats<\/li>\n<li><span style=\"font-weight: 400;\">Configurez les autorisations et les accs des utilisateurs<\/li>\n<li><span style=\"font-weight: 400;\">Reus personnaliss<\/li>\n<li><span style=\"font-weight: 400;\">Passage en caisse fluide  encaissez les paiements et suivez chaque vente<\/li>\n<li><span style=\"font-weight: 400;\">Application mobile gratuite pour les appareils Apple et Android<\/li>\n<li><span style=\"font-weight: 400;\">Traitez les commandes par tlphone, fax et courrier ds que vous disposez dun accs Internet <\/li>\n<li><span style=\"font-weight: 400;\">Dveloppez facilement votre entreprise avec jusqu 5000 utilisateurs<\/li>\n<\/ul>\n<\/div>\n\t\t\t\t<\/div>\n\t\t\t\t\t\t\t\t<\/div>\n\t\t\t\t\t\t<\/div>\n\t\t\t\t<\/div>\n\t\t\t\t\t<\/div>\n\t\t<\/div>\n\t\t\t\t\t<\/div>\n\t\t<\/section>\n\t\t\t\t<section class=\"elementor-section elementor-top-section elementor-element elementor-element-c504a55 elementor-section-boxed elementor-section-height-default elementor-section-height-default\" data-id=\"c504a55\" data-element_type=\"section\" data-e-type=\"section\">\n\t\t\t\t\t\t<div class=\"elementor-container elementor-column-gap-default\">\n\t\t\t\t\t<div class=\"elementor-column elementor-col-100 elementor-top-column elementor-element elementor-element-d1ef73a\" data-id=\"d1ef73a\" data-element_type=\"column\" data-e-type=\"column\">\n\t\t\t<div class=\"elementor-widget-wrap elementor-element-populated\">\n\t\t\t\t\t\t<div class=\"elementor-element elementor-element-38e1df5 elementor-widget elementor-widget-accordion\" data-id=\"38e1df5\" data-element_type=\"widget\" data-e-type=\"widget\" data-widget_type=\"accordion.default\">\n\t\t\t\t<div class=\"elementor-widget-container\">\n\t\t\t\t\t\t\t<div class=\"elementor-accordion\">\n\t\t\t\t\t\t\t<div class=\"elementor-accordion-item\">\n\t\t\t\t\t<div id=\"elementor-tab-title-5961\" class=\"elementor-tab-title\" data-tab=\"1\" role=\"button\" aria-controls=\"elementor-tab-content-5961\" aria-expanded=\"false\">\n\t\t\t\t\t\t\t\t\t\t\t\t\t<span class=\"elementor-accordion-icon elementor-accordion-icon-left\" aria-hidden=\"true\">\n\t\t\t\t\t\t\t\t\t\t\t\t\t\t\t<span class=\"elementor-accordion-icon-closed\"><i class=\"fas fa-plus\"><\/i><\/span>\n\t\t\t\t\t\t\t\t<span class=\"elementor-accordion-icon-opened\"><i class=\"fas fa-minus\"><\/i><\/span>\n\t\t\t\t\t\t\t\t\t\t\t\t\t\t<\/span>\n\t\t\t\t\t\t\t\t\t\t\t\t<a class=\"elementor-accordion-title\" tabindex=\"0\">Fonctionnalits avances<\/a>\n\t\t\t\t\t<\/div>\n\t\t\t\t\t<div id=\"elementor-tab-content-5961\" class=\"elementor-tab-content elementor-clearfix\" data-tab=\"1\" role=\"region\" aria-labelledby=\"elementor-tab-title-5961\"><ul>\n<li><span style=\"font-weight: 400;\"> Facturation et facturation automatis\u00e9es<\/span><\/li>\n<li><span style=\"font-weight: 400;\"> Paiements chelonns<\/span><\/li>\n<li><span style=\"font-weight: 400;\">Gestion du catalogue de produits<\/span><\/li>\n<li><span style=\"font-weight: 400;\">Crez des profils clients scuriss<\/span><\/li>\n<li><span style=\"font-weight: 400;\">Rapports en temps rel et aperus des ventes<\/span><\/li>\n<li><span style=\"font-weight: 400;\">Analyses de la clientle<\/span><\/li>\n<\/ul>\n<\/div>\n\t\t\t\t<\/div>\n\t\t\t\t\t\t\t<div class=\"elementor-accordion-item\">\n\t\t\t\t\t<div id=\"elementor-tab-title-5962\" class=\"elementor-tab-title\" data-tab=\"2\" role=\"button\" aria-controls=\"elementor-tab-content-5962\" aria-expanded=\"false\">\n\t\t\t\t\t\t\t\t\t\t\t\t\t<span class=\"elementor-accordion-icon elementor-accordion-icon-left\" aria-hidden=\"true\">\n\t\t\t\t\t\t\t\t\t\t\t\t\t\t\t<span class=\"elementor-accordion-icon-closed\"><i class=\"fas fa-plus\"><\/i><\/span>\n\t\t\t\t\t\t\t\t<span class=\"elementor-accordion-icon-opened\"><i class=\"fas fa-minus\"><\/i><\/span>\n\t\t\t\t\t\t\t\t\t\t\t\t\t\t<\/span>\n\t\t\t\t\t\t\t\t\t\t\t\t<a class=\"elementor-accordion-title\" tabindex=\"0\">Facturation<\/a>\n\t\t\t\t\t<\/div>\n\t\t\t\t\t<div id=\"elementor-tab-content-5962\" class=\"elementor-tab-content elementor-clearfix\" data-tab=\"2\" role=\"region\" aria-labelledby=\"elementor-tab-title-5962\"><ul>\n<li><span style=\"font-weight: 400;\"> Crez un devis ou une facture avec des dtails personnaliss ou par article<\/span><\/li>\n<li><span style=\"font-weight: 400;\"> Envoyez ou renvoyez un devis ou une facture avec un lien vers une page de paiement hberge<\/span><\/li>\n<li><span style=\"font-weight: 400;\"> Envoyez une confirmation de paiement distincte par e-mail<\/span><\/li>\n<li><span style=\"font-weight: 400;\"> Appliquez des remises ou des taxes de vente<\/span><\/li>\n<li><span style=\"font-weight: 400;\"> Image de marque personnalise sur la facture et la page de paiement<\/span><\/li>\n<li><span style=\"font-weight: 400;\"> Ajustez les conditions de paiement et les dates dchance<\/span><\/li>\n<li><span style=\"font-weight: 400;\"> Consultez le statut des factures (paye, impaye, en retard)<\/span><\/li>\n<li><span style=\"font-weight: 400;\"> Tlchargement par lot<\/span><\/li>\n<li><span style=\"font-weight: 400;\"> Capacit de remboursement<\/span><\/li>\n<\/ul>\n<\/div>\n\t\t\t\t<\/div>\n\t\t\t\t\t\t\t<div class=\"elementor-accordion-item\">\n\t\t\t\t\t<div id=\"elementor-tab-title-5963\" class=\"elementor-tab-title\" data-tab=\"3\" role=\"button\" aria-controls=\"elementor-tab-content-5963\" aria-expanded=\"false\">\n\t\t\t\t\t\t\t\t\t\t\t\t\t<span class=\"elementor-accordion-icon elementor-accordion-icon-left\" aria-hidden=\"true\">\n\t\t\t\t\t\t\t\t\t\t\t\t\t\t\t<span class=\"elementor-accordion-icon-closed\"><i class=\"fas fa-plus\"><\/i><\/span>\n\t\t\t\t\t\t\t\t<span class=\"elementor-accordion-icon-opened\"><i class=\"fas fa-minus\"><\/i><\/span>\n\t\t\t\t\t\t\t\t\t\t\t\t\t\t<\/span>\n\t\t\t\t\t\t\t\t\t\t\t\t<a class=\"elementor-accordion-title\" tabindex=\"0\">Lecteur de cartes de paiement mobile Link\/2500<\/a>\n\t\t\t\t\t<\/div>\n\t\t\t\t\t<div id=\"elementor-tab-content-5963\" class=\"elementor-tab-content elementor-clearfix\" data-tab=\"3\" role=\"region\" aria-labelledby=\"elementor-tab-title-5963\"><ul>\n<li><span style=\"font-weight: 400;\"> Interface conviviale et intuitive<\/span><\/li>\n<li><span style=\"font-weight: 400;\"> cran couleur lumineux de 2,4 pouces<\/span><\/li>\n<li><span style=\"font-weight: 400;\"> Clavier mcanique<\/span><\/li>\n<li><span style=\"font-weight: 400;\"> Connecteur USB-C, qui peut tre branch dans les deux sens<\/span><\/li>\n<li><span style=\"font-weight: 400;\"> Scurit maximale. Certifi PCI-PTS 5.0x et utilise le systme dexploitation Telium Tetra avec les derniers schmas cryptographiques <\/span><\/li>\n<li><span style=\"font-weight: 400;\"> Accepte toutes les formes de paiement: puce et code PIN EMV, bande magntique, capture de signature et NFC\/sans contact<\/span><\/li>\n<li><span style=\"font-weight: 400;\"> Traitez les transactions par carte de dbit et de crdit<\/span><\/li>\n<li><span style=\"font-weight: 400;\"> Conu pour la mobilit: format de poche, lger et lgant<\/span><\/li>\n<\/ul>\n<\/div>\n\t\t\t\t<\/div>\n\t\t\t\t\t\t\t\t<\/div>\n\t\t\t\t\t\t<\/div>\n\t\t\t\t<\/div>\n\t\t\t\t\t<\/div>\n\t\t<\/div>\n\t\t\t\t\t<\/div>\n\t\t<\/section>\n\t\t\t\t<section class=\"elementor-section elementor-top-section elementor-element elementor-element-8edefb9 elementor-section-content-middle elementor-section-boxed elementor-section-height-default elementor-section-height-default\" data-id=\"8edefb9\" data-element_type=\"section\" data-e-type=\"section\" data-settings=\"{&quot;background_background&quot;:&quot;classic&quot;}\">\n\t\t\t\t\t\t\t<div class=\"elementor-background-overlay\"><\/div>\n\t\t\t\t\t\t\t<div class=\"elementor-container elementor-column-gap-no\">\n\t\t\t\t\t<div class=\"elementor-column elementor-col-100 elementor-top-column elementor-element elementor-element-5d2fd72e\" data-id=\"5d2fd72e\" data-element_type=\"column\" data-e-type=\"column\">\n\t\t\t<div class=\"elementor-widget-wrap elementor-element-populated\">\n\t\t\t\t\t\t<div class=\"elementor-element elementor-element-37a7028d elementor-widget elementor-widget-heading\" data-id=\"37a7028d\" data-element_type=\"widget\" data-e-type=\"widget\" data-widget_type=\"heading.default\">\n\t\t\t\t<div class=\"elementor-widget-container\">\n\t\t\t\t\t<h6 class=\"elementor-heading-title elementor-size-default\">Estimation gratuite<\/h6>\t\t\t\t<\/div>\n\t\t\t\t<\/div>\n\t\t\t\t<div class=\"elementor-element elementor-element-5f99706d elementor-widget elementor-widget-heading\" data-id=\"5f99706d\" data-element_type=\"widget\" data-e-type=\"widget\" data-widget_type=\"heading.default\">\n\t\t\t\t<div class=\"elementor-widget-container\">\n\t\t\t\t\t<h2 class=\"elementor-heading-title elementor-size-default\">Demander un devis<\/h2>\t\t\t\t<\/div>\n\t\t\t\t<\/div>\n\t\t\t\t<div class=\"elementor-element elementor-element-3cd57c0 elementor-widget elementor-widget-text-editor\" data-id=\"3cd57c0\" data-element_type=\"widget\" data-e-type=\"widget\" data-widget_type=\"text-editor.default\">\n\t\t\t\t<div class=\"elementor-widget-container\">\n\t\t\t\t\t\t\t\t\t<span style=\"font-weight: 400;\">Soyez pr\u00e9sent aupr\u00e8s de vos clients et acceptez les paiements o\u00f9 qu&rsquo;ils se trouvent.  <br>D\u00e9couvrez pourquoi Local Payments est le bon choix pour votre entreprise.<\/span>\t\t\t\t\t\t\t\t<\/div>\n\t\t\t\t<\/div>\n\t\t\t\t<div class=\"elementor-element elementor-element-7303d0c elementor-align-center elementor-mobile-align-center elementor-widget elementor-widget-button\" data-id=\"7303d0c\" data-element_type=\"widget\" data-e-type=\"widget\" data-widget_type=\"button.default\">\n\t\t\t\t<div class=\"elementor-widget-container\">\n\t\t\t\t\t\t\t\t\t<div class=\"elementor-button-wrapper\">\n\t\t\t\t\t<a class=\"elementor-button elementor-button-link elementor-size-md\" href=\"https:\/\/localpayments.ca\/fr\/contact\/\">\n\t\t\t\t\t\t<span class=\"elementor-button-content-wrapper\">\n\t\t\t\t\t\t\t\t\t<span class=\"elementor-button-text\">Demander un devis<\/span>\n\t\t\t\t\t<\/span>\n\t\t\t\t\t<\/a>\n\t\t\t\t<\/div>\n\t\t\t\t\t\t\t\t<\/div>\n\t\t\t\t<\/div>\n\t\t\t\t\t<\/div>\n\t\t<\/div>\n\t\t\t\t\t<\/div>\n\t\t<\/section>\n\t\t\t\t<\/div>\n\t\t","protected":false},"excerpt":{"rendered":"<p>Terminaux virtuels Transformez nimporte quel appareil Web ou mobile en un terminal de paiement rentable Acceptez des paiements depuis votre PC rapidement et en toute scurit, partout et tout moment sans investissement majeur en argent ou en efforts. La passerelle de paiement Converge (anciennement Virtual Merchant) est une solution de paiement hberge complte qui transforme [&hellip;]<\/p>\n","protected":false},"author":5,"featured_media":0,"parent":0,"menu_order":0,"comment_status":"closed","ping_status":"closed","template":"","meta":{"site-sidebar-layout":"no-sidebar","site-content-layout":"page-builder","ast-site-content-layout":"default","site-content-style":"default","site-sidebar-style":"default","ast-global-header-display":"","ast-banner-title-visibility":"","ast-main-header-display":"","ast-hfb-above-header-display":"","ast-hfb-below-header-display":"","ast-hfb-mobile-header-display":"","site-post-title":"disabled","ast-breadcrumbs-content":"","ast-featured-img":"disabled","footer-sml-layout":"","ast-disable-related-posts":"","theme-transparent-header-meta":"","adv-header-id-meta":"","stick-header-meta":"","header-above-stick-meta":"","header-main-stick-meta":"","header-below-stick-meta":"","astra-migrate-meta-layouts":"default","ast-page-background-enabled":"default","ast-page-background-meta":{"desktop":{"background-color":"","background-image":"","background-repeat":"repeat","background-position":"center center","background-size":"auto","background-attachment":"scroll","background-type":"","background-media":"","overlay-type":"","overlay-color":"","overlay-opacity":"","overlay-gradient":""},"tablet":{"background-color":"","background-image":"","background-repeat":"repeat","background-position":"center center","background-size":"auto","background-attachment":"scroll","background-type":"","background-media":"","overlay-type":"","overlay-color":"","overlay-opacity":"","overlay-gradient":""},"mobile":{"background-color":"","background-image":"","background-repeat":"repeat","background-position":"center center","background-size":"auto","background-attachment":"scroll","background-type":"","background-media":"","overlay-type":"","overlay-color":"","overlay-opacity":"","overlay-gradient":""}},"ast-content-background-meta":{"desktop":{"background-color":"var(--ast-global-color-5)","background-image":"","background-repeat":"repeat","background-position":"center center","background-size":"auto","background-attachment":"scroll","background-type":"","background-media":"","overlay-type":"","overlay-color":"","overlay-opacity":"","overlay-gradient":""},"tablet":{"background-color":"var(--ast-global-color-5)","background-image":"","background-repeat":"repeat","background-position":"center center","background-size":"auto","background-attachment":"scroll","background-type":"","background-media":"","overlay-type":"","overlay-color":"","overlay-opacity":"","overlay-gradient":""},"mobile":{"background-color":"var(--ast-global-color-5)","background-image":"","background-repeat":"repeat","background-position":"center center","background-size":"auto","background-attachment":"scroll","background-type":"","background-media":"","overlay-type":"","overlay-color":"","overlay-opacity":"","overlay-gradient":""}},"footnotes":""},"class_list":["post-2599","page","type-page","status-publish","hentry"],"_links":{"self":[{"href":"https:\/\/localpayments.ca\/fr\/wp-json\/wp\/v2\/pages\/2599","targetHints":{"allow":["GET"]}}],"collection":[{"href":"https:\/\/localpayments.ca\/fr\/wp-json\/wp\/v2\/pages"}],"about":[{"href":"https:\/\/localpayments.ca\/fr\/wp-json\/wp\/v2\/types\/page"}],"author":[{"embeddable":true,"href":"https:\/\/localpayments.ca\/fr\/wp-json\/wp\/v2\/users\/5"}],"replies":[{"embeddable":true,"href":"https:\/\/localpayments.ca\/fr\/wp-json\/wp\/v2\/comments?post=2599"}],"version-history":[{"count":1,"href":"https:\/\/localpayments.ca\/fr\/wp-json\/wp\/v2\/pages\/2599\/revisions"}],"predecessor-version":[{"id":2604,"href":"https:\/\/localpayments.ca\/fr\/wp-json\/wp\/v2\/pages\/2599\/revisions\/2604"}],"wp:attachment":[{"href":"https:\/\/localpayments.ca\/fr\/wp-json\/wp\/v2\/media?parent=2599"}],"curies":[{"name":"wp","href":"https:\/\/api.w.org\/{rel}","templated":true}]}}