{"id":2576,"date":"2022-04-11T15:22:09","date_gmt":"2022-04-11T15:22:09","guid":{"rendered":"https:\/\/localpayments.ca\/programme-de-cartes-cadeaux\/"},"modified":"2026-03-11T17:46:54","modified_gmt":"2026-03-11T17:46:54","slug":"programme-de-cartes-cadeaux","status":"publish","type":"page","link":"https:\/\/localpayments.ca\/fr\/programme-de-cartes-cadeaux\/","title":{"rendered":"Programme de cartes-cadeaux"},"content":{"rendered":"\t\t<div data-elementor-type=\"wp-page\" data-elementor-id=\"2576\" class=\"elementor elementor-2576 elementor-765\">\n\t\t\t\t\t\t<section class=\"elementor-section elementor-top-section elementor-element elementor-element-988b0fd elementor-section-content-middle elementor-section-boxed elementor-section-height-default elementor-section-height-default\" data-id=\"988b0fd\" data-element_type=\"section\" data-e-type=\"section\" data-settings=\"{&quot;background_background&quot;:&quot;classic&quot;}\">\n\t\t\t\t\t\t\t<div class=\"elementor-background-overlay\"><\/div>\n\t\t\t\t\t\t\t<div class=\"elementor-container elementor-column-gap-no\">\n\t\t\t\t\t<div class=\"elementor-column elementor-col-100 elementor-top-column elementor-element elementor-element-7d87e0b\" data-id=\"7d87e0b\" data-element_type=\"column\" data-e-type=\"column\">\n\t\t\t<div class=\"elementor-widget-wrap elementor-element-populated\">\n\t\t\t\t\t\t<div class=\"elementor-element elementor-element-ef0c121 elementor-widget elementor-widget-heading\" data-id=\"ef0c121\" data-element_type=\"widget\" data-e-type=\"widget\" data-widget_type=\"heading.default\">\n\t\t\t\t<div class=\"elementor-widget-container\">\n\t\t\t\t\t<h1 class=\"elementor-heading-title elementor-size-default\">Programme de cartes-cadeaux<\/h1>\t\t\t\t<\/div>\n\t\t\t\t<\/div>\n\t\t\t\t\t<\/div>\n\t\t<\/div>\n\t\t\t\t\t<\/div>\n\t\t<\/section>\n\t\t\t\t<section class=\"elementor-section elementor-top-section elementor-element elementor-element-3ce76e7e elementor-section-content-middle elementor-section-boxed elementor-section-height-default elementor-section-height-default\" data-id=\"3ce76e7e\" data-element_type=\"section\" data-e-type=\"section\" data-settings=\"{&quot;background_background&quot;:&quot;classic&quot;}\">\n\t\t\t\t\t\t<div class=\"elementor-container elementor-column-gap-no\">\n\t\t\t\t\t<div class=\"elementor-column elementor-col-50 elementor-top-column elementor-element elementor-element-516dc8ec\" data-id=\"516dc8ec\" data-element_type=\"column\" data-e-type=\"column\" data-settings=\"{&quot;background_background&quot;:&quot;classic&quot;}\">\n\t\t\t<div class=\"elementor-widget-wrap elementor-element-populated\">\n\t\t\t\t\t<div class=\"elementor-background-overlay\"><\/div>\n\t\t\t\t\t\t<div class=\"elementor-element elementor-element-5fa49e6b elementor-widget elementor-widget-image\" data-id=\"5fa49e6b\" data-element_type=\"widget\" data-e-type=\"widget\" data-widget_type=\"image.default\">\n\t\t\t\t<div class=\"elementor-widget-container\">\n\t\t\t\t\t\t\t\t\t\t\t\t\t\t\t<img fetchpriority=\"high\" decoding=\"async\" width=\"1024\" height=\"683\" src=\"https:\/\/localpayments.ca\/wp-content\/uploads\/2022\/06\/GiftCard-Page-min-1024x683.png\" class=\"attachment-large size-large wp-image-2575\" alt=\"GiftCard Page-min\" srcset=\"https:\/\/localpayments.ca\/wp-content\/uploads\/2022\/06\/GiftCard-Page-min-1024x683.png 1024w, https:\/\/localpayments.ca\/wp-content\/uploads\/2022\/06\/GiftCard-Page-min-300x200.png 300w, https:\/\/localpayments.ca\/wp-content\/uploads\/2022\/06\/GiftCard-Page-min-768x512.png 768w, https:\/\/localpayments.ca\/wp-content\/uploads\/2022\/06\/GiftCard-Page-min-1536x1024.png 1536w, https:\/\/localpayments.ca\/wp-content\/uploads\/2022\/06\/GiftCard-Page-min-2048x1366.png 2048w\" sizes=\"(max-width: 1024px) 100vw, 1024px\" \/>\t\t\t\t\t\t\t\t\t\t\t\t\t\t\t<\/div>\n\t\t\t\t<\/div>\n\t\t\t\t\t<\/div>\n\t\t<\/div>\n\t\t\t\t<div class=\"elementor-column elementor-col-50 elementor-top-column elementor-element elementor-element-3f3ba005\" data-id=\"3f3ba005\" data-element_type=\"column\" data-e-type=\"column\">\n\t\t\t<div class=\"elementor-widget-wrap elementor-element-populated\">\n\t\t\t\t\t\t<div class=\"elementor-element elementor-element-b604201 elementor-widget elementor-widget-heading\" data-id=\"b604201\" data-element_type=\"widget\" data-e-type=\"widget\" data-widget_type=\"heading.default\">\n\t\t\t\t<div class=\"elementor-widget-container\">\n\t\t\t\t\t<h3 class=\"elementor-heading-title elementor-size-default\">Attirez plus de clients vers votre entreprise<\/h3>\t\t\t\t<\/div>\n\t\t\t\t<\/div>\n\t\t\t\t<div class=\"elementor-element elementor-element-bd67086 elementor-widget elementor-widget-text-editor\" data-id=\"bd67086\" data-element_type=\"widget\" data-e-type=\"widget\" data-widget_type=\"text-editor.default\">\n\t\t\t\t<div class=\"elementor-widget-container\">\n\t\t\t\t\t\t\t\t\t<span style=\"font-weight: 400;\">Notre programme de cartes-cadeaux \u00e9lectroniques (CCE) est la solution id\u00e9ale pour simposer dans cette nouvelle \u00e8re de consommation. Notre solution CCE maximise les ventes de cartes \u00e0 valeur stock\u00e9e gr\u00e2ce \u00e0 un ensemble complet de fonctions marketing. Toujours soucieux des besoins de votre entreprise, une administration simple et une s\u00e9curit\u00e9 de premier ordre sont des fonctions int\u00e9gr\u00e9es pour rendre la gestion du programme facile et rentable.  <\/span>\t\t\t\t\t\t\t\t<\/div>\n\t\t\t\t<\/div>\n\t\t\t\t\t<\/div>\n\t\t<\/div>\n\t\t\t\t\t<\/div>\n\t\t<\/section>\n\t\t\t\t<section class=\"elementor-section elementor-top-section elementor-element elementor-element-5d1ab21 elementor-section-boxed elementor-section-height-default elementor-section-height-default\" data-id=\"5d1ab21\" data-element_type=\"section\" data-e-type=\"section\">\n\t\t\t\t\t\t<div class=\"elementor-container elementor-column-gap-default\">\n\t\t\t\t\t<div class=\"elementor-column elementor-col-100 elementor-top-column elementor-element elementor-element-9291228\" data-id=\"9291228\" data-element_type=\"column\" data-e-type=\"column\">\n\t\t\t<div class=\"elementor-widget-wrap elementor-element-populated\">\n\t\t\t\t\t\t<div class=\"elementor-element elementor-element-7acf586e elementor-widget elementor-widget-accordion\" data-id=\"7acf586e\" data-element_type=\"widget\" data-e-type=\"widget\" data-widget_type=\"accordion.default\">\n\t\t\t\t<div class=\"elementor-widget-container\">\n\t\t\t\t\t\t\t<div class=\"elementor-accordion\">\n\t\t\t\t\t\t\t<div class=\"elementor-accordion-item\">\n\t\t\t\t\t<div id=\"elementor-tab-title-2061\" class=\"elementor-tab-title\" data-tab=\"1\" role=\"button\" aria-controls=\"elementor-tab-content-2061\" aria-expanded=\"false\">\n\t\t\t\t\t\t\t\t\t\t\t\t\t<span class=\"elementor-accordion-icon elementor-accordion-icon-left\" aria-hidden=\"true\">\n\t\t\t\t\t\t\t\t\t\t\t\t\t\t\t<span class=\"elementor-accordion-icon-closed\"><i class=\"fas fa-plus\"><\/i><\/span>\n\t\t\t\t\t\t\t\t<span class=\"elementor-accordion-icon-opened\"><i class=\"fas fa-minus\"><\/i><\/span>\n\t\t\t\t\t\t\t\t\t\t\t\t\t\t<\/span>\n\t\t\t\t\t\t\t\t\t\t\t\t<a class=\"elementor-accordion-title\" tabindex=\"0\">Fonctionnalit\u00e9s<\/a>\n\t\t\t\t\t<\/div>\n\t\t\t\t\t<div id=\"elementor-tab-content-2061\" class=\"elementor-tab-content elementor-clearfix\" data-tab=\"1\" role=\"region\" aria-labelledby=\"elementor-tab-title-2061\"><p><b>Administration et rapports <\/b><\/p>\n<ul>\n<li><span style=\"font-weight: 400;\"> R\u00e9sum\u00e9 quotidien des transactions : recevez un rapport quotidien de toutes les cartes \u00e0 valeur stock\u00e9e trait\u00e9es.<\/span><\/li>\n<li><span style=\"font-weight: 400;\"> Rapport mensuel sur les passifs : v\u00e9rifiez les soldes impay\u00e9s de toutes les cartes \u00e9mises.<\/span><\/li>\n<li><span style=\"font-weight: 400;\"> Demande de solde par le titulaire : permettez aux titulaires de cartes de v\u00e9rifier leur solde par t\u00e9l\u00e9phone.<\/span><\/li>\n<\/ul>\n<p><b>Optionnel<\/b><\/p>\n<ul>\n<li><span style=\"font-size: 16px; font-weight: 400;\"> Frais de service : d\u00e9duisez un montant pr\u00e9d\u00e9fini de la valeur dune carte en fonction de param\u00e8tres dinactivit\u00e9.<\/span><\/li>\n<li>Outils dadministration en ligne : suivez lactivit\u00e9 des cartes, activez plusieurs cartes et transf\u00e9rez les soldes.<\/li>\n<\/ul>\n<p><b>Les multiples utilisations des cartes \u00e0 valeur stock\u00e9e <\/b><\/p>\n<p>Les cartes \u00e0 valeur stock\u00e9e ont de multiples usages qui peuvent aider \u00e0 g\u00e9n\u00e9rer des revenus pour nimporte quelle entreprise.<\/p>\n<ul>\n<li><span style=\"font-weight: 400;\"> Retours de marchandises<\/span><\/li>\n<li><span style=\"font-weight: 400;\"> Outils de marketing promotionnel<\/span><\/li>\n<li><span style=\"font-weight: 400;\"> Cartes de commodit\u00e9 pour les achats r\u00e9p\u00e9t\u00e9s<br \/>\n<\/span><\/li>\n<li><span style=\"font-weight: 400;\"> Cadeaux dentreprise ou de bienfaisance<br \/>\n<\/span><\/li>\n<li><span style=\"font-weight: 400;\"> Appr\u00e9ciation de la client\u00e8le<\/span><\/li>\n<\/ul>\n<\/div>\n\t\t\t\t<\/div>\n\t\t\t\t\t\t\t<div class=\"elementor-accordion-item\">\n\t\t\t\t\t<div id=\"elementor-tab-title-2062\" class=\"elementor-tab-title\" data-tab=\"2\" role=\"button\" aria-controls=\"elementor-tab-content-2062\" aria-expanded=\"false\">\n\t\t\t\t\t\t\t\t\t\t\t\t\t<span class=\"elementor-accordion-icon elementor-accordion-icon-left\" aria-hidden=\"true\">\n\t\t\t\t\t\t\t\t\t\t\t\t\t\t\t<span class=\"elementor-accordion-icon-closed\"><i class=\"fas fa-plus\"><\/i><\/span>\n\t\t\t\t\t\t\t\t<span class=\"elementor-accordion-icon-opened\"><i class=\"fas fa-minus\"><\/i><\/span>\n\t\t\t\t\t\t\t\t\t\t\t\t\t\t<\/span>\n\t\t\t\t\t\t\t\t\t\t\t\t<a class=\"elementor-accordion-title\" tabindex=\"0\">Avantages <\/a>\n\t\t\t\t\t<\/div>\n\t\t\t\t\t<div id=\"elementor-tab-content-2062\" class=\"elementor-tab-content elementor-clearfix\" data-tab=\"2\" role=\"region\" aria-labelledby=\"elementor-tab-title-2062\"><p><span style=\"font-weight: 400;\">Les cartes \u00e0 valeur stock\u00e9e constituent un choix commercial judicieux pour de nombreuses raisons :<\/span><\/p>\n<ul>\n<li><span style=\"font-weight: 400;\"> Acqu\u00e9rir de nouveaux clients : les cartes-cadeaux offertes par des clients fid\u00e8les incitent leurs amis et leur famille \u00e0 d\u00e9couvrir votre entreprise. Les cartes sont id\u00e9ales pour les envois promotionnels, les dons de bienfaisance, les r\u00e9compenses de fid\u00e9lit\u00e9 et dautres programmes de marketing. <\/span><\/li>\n<li><span style=\"font-weight: 400;\"> Augmenter les ventes et les profits : la plupart des destinataires de cartes d\u00e9pensent plus que la valeur de leur carte-cadeau \u2014 25 % de plus en moyenne \u2014 et aucun remboursement en esp\u00e8ces nest requis. Lorsquelle est utilis\u00e9e pour des retours de marchandise, la valeur reste sur la carte, pour toujours. <\/span><\/li>\n<li><span style=\"font-weight: 400;\"> Encourager la fid\u00e9lisation : les cartes \u00e0 valeur stock\u00e9e sont id\u00e9ales pour les clients r\u00e9guliers, leur permettant dutiliser commod\u00e9ment un solde pr\u00e9pay\u00e9 pour des services r\u00e9currents.<\/span><\/li>\n<li><span style=\"font-weight: 400;\">Populaires aupr\u00e8s des clients : les cartes-cadeaux figurent syst\u00e9matiquement parmi les cadeaux les plus pris\u00e9s pour les occasions festives. Elles attirent \u00e9galement de nouveaux clients et aident \u00e0 stimuler les ventes tout au long de lann\u00e9e. <\/span><\/li>\n<li><span style=\"font-weight: 400;\">Simple \u00e0 g\u00e9rer : gr\u00e2ce \u00e0 des rapports et un suivi \u00e9lectroniques consolid\u00e9s, la gestion est simple pour les entreprises de toutes tailles.<\/span><\/li>\n<\/ul>\n<\/div>\n\t\t\t\t<\/div>\n\t\t\t\t\t\t\t\t<\/div>\n\t\t\t\t\t\t<\/div>\n\t\t\t\t<\/div>\n\t\t\t\t\t<\/div>\n\t\t<\/div>\n\t\t\t\t\t<\/div>\n\t\t<\/section>\n\t\t\t\t<section class=\"elementor-section elementor-top-section elementor-element elementor-element-f122176 elementor-section-content-middle elementor-section-boxed elementor-section-height-default elementor-section-height-default\" data-id=\"f122176\" data-element_type=\"section\" data-e-type=\"section\" data-settings=\"{&quot;background_background&quot;:&quot;classic&quot;}\">\n\t\t\t\t\t\t\t<div class=\"elementor-background-overlay\"><\/div>\n\t\t\t\t\t\t\t<div class=\"elementor-container elementor-column-gap-no\">\n\t\t\t\t\t<div class=\"elementor-column elementor-col-100 elementor-top-column elementor-element elementor-element-324adfe6\" data-id=\"324adfe6\" data-element_type=\"column\" data-e-type=\"column\">\n\t\t\t<div class=\"elementor-widget-wrap elementor-element-populated\">\n\t\t\t\t\t\t<div class=\"elementor-element elementor-element-6129bdba elementor-widget elementor-widget-heading\" data-id=\"6129bdba\" data-element_type=\"widget\" data-e-type=\"widget\" data-widget_type=\"heading.default\">\n\t\t\t\t<div class=\"elementor-widget-container\">\n\t\t\t\t\t<h6 class=\"elementor-heading-title elementor-size-default\">Estimation gratuite<\/h6>\t\t\t\t<\/div>\n\t\t\t\t<\/div>\n\t\t\t\t<div class=\"elementor-element elementor-element-17d9a98c elementor-widget elementor-widget-heading\" data-id=\"17d9a98c\" data-element_type=\"widget\" data-e-type=\"widget\" data-widget_type=\"heading.default\">\n\t\t\t\t<div class=\"elementor-widget-container\">\n\t\t\t\t\t<h2 class=\"elementor-heading-title elementor-size-default\">Demander un devis<\/h2>\t\t\t\t<\/div>\n\t\t\t\t<\/div>\n\t\t\t\t<div class=\"elementor-element elementor-element-53b85d8 elementor-widget elementor-widget-text-editor\" data-id=\"53b85d8\" data-element_type=\"widget\" data-e-type=\"widget\" data-widget_type=\"text-editor.default\">\n\t\t\t\t<div class=\"elementor-widget-container\">\n\t\t\t\t\t\t\t\t\t<span style=\"font-weight: 400;\">Soyez pr\u00e9sent aupr\u00e8s de vos clients et acceptez les paiements o\u00f9 qu&rsquo;ils se trouvent.  <br>D\u00e9couvrez pourquoi Local Payments est le bon choix pour votre entreprise.<\/span>\t\t\t\t\t\t\t\t<\/div>\n\t\t\t\t<\/div>\n\t\t\t\t<div class=\"elementor-element elementor-element-65db47f elementor-align-center elementor-mobile-align-center elementor-widget elementor-widget-button\" data-id=\"65db47f\" data-element_type=\"widget\" data-e-type=\"widget\" data-widget_type=\"button.default\">\n\t\t\t\t<div class=\"elementor-widget-container\">\n\t\t\t\t\t\t\t\t\t<div class=\"elementor-button-wrapper\">\n\t\t\t\t\t<a class=\"elementor-button elementor-button-link elementor-size-md\" href=\"https:\/\/localpayments.ca\/fr\/contact\/\">\n\t\t\t\t\t\t<span class=\"elementor-button-content-wrapper\">\n\t\t\t\t\t\t\t\t\t<span class=\"elementor-button-text\">Demander un devis<\/span>\n\t\t\t\t\t<\/span>\n\t\t\t\t\t<\/a>\n\t\t\t\t<\/div>\n\t\t\t\t\t\t\t\t<\/div>\n\t\t\t\t<\/div>\n\t\t\t\t\t<\/div>\n\t\t<\/div>\n\t\t\t\t\t<\/div>\n\t\t<\/section>\n\t\t\t\t<\/div>\n\t\t","protected":false},"excerpt":{"rendered":"<p>Programme de cartes-cadeaux Attirez plus de clients vers votre entreprise Notre programme de cartes-cadeaux \u00e9lectroniques (CCE) est la solution id\u00e9ale pour simposer dans cette nouvelle \u00e8re de consommation. Notre solution CCE maximise les ventes de cartes \u00e0 valeur stock\u00e9e gr\u00e2ce \u00e0 un ensemble complet de fonctions marketing. Toujours soucieux des besoins de votre entreprise, une [&hellip;]<\/p>\n","protected":false},"author":5,"featured_media":0,"parent":0,"menu_order":0,"comment_status":"closed","ping_status":"closed","template":"","meta":{"site-sidebar-layout":"no-sidebar","site-content-layout":"page-builder","ast-site-content-layout":"default","site-content-style":"default","site-sidebar-style":"default","ast-global-header-display":"","ast-banner-title-visibility":"","ast-main-header-display":"","ast-hfb-above-header-display":"","ast-hfb-below-header-display":"","ast-hfb-mobile-header-display":"","site-post-title":"disabled","ast-breadcrumbs-content":"","ast-featured-img":"disabled","footer-sml-layout":"","ast-disable-related-posts":"","theme-transparent-header-meta":"","adv-header-id-meta":"","stick-header-meta":"","header-above-stick-meta":"","header-main-stick-meta":"","header-below-stick-meta":"","astra-migrate-meta-layouts":"default","ast-page-background-enabled":"default","ast-page-background-meta":{"desktop":{"background-color":"","background-image":"","background-repeat":"repeat","background-position":"center center","background-size":"auto","background-attachment":"scroll","background-type":"","background-media":"","overlay-type":"","overlay-color":"","overlay-opacity":"","overlay-gradient":""},"tablet":{"background-color":"","background-image":"","background-repeat":"repeat","background-position":"center center","background-size":"auto","background-attachment":"scroll","background-type":"","background-media":"","overlay-type":"","overlay-color":"","overlay-opacity":"","overlay-gradient":""},"mobile":{"background-color":"","background-image":"","background-repeat":"repeat","background-position":"center center","background-size":"auto","background-attachment":"scroll","background-type":"","background-media":"","overlay-type":"","overlay-color":"","overlay-opacity":"","overlay-gradient":""}},"ast-content-background-meta":{"desktop":{"background-color":"var(--ast-global-color-5)","background-image":"","background-repeat":"repeat","background-position":"center center","background-size":"auto","background-attachment":"scroll","background-type":"","background-media":"","overlay-type":"","overlay-color":"","overlay-opacity":"","overlay-gradient":""},"tablet":{"background-color":"var(--ast-global-color-5)","background-image":"","background-repeat":"repeat","background-position":"center center","background-size":"auto","background-attachment":"scroll","background-type":"","background-media":"","overlay-type":"","overlay-color":"","overlay-opacity":"","overlay-gradient":""},"mobile":{"background-color":"var(--ast-global-color-5)","background-image":"","background-repeat":"repeat","background-position":"center center","background-size":"auto","background-attachment":"scroll","background-type":"","background-media":"","overlay-type":"","overlay-color":"","overlay-opacity":"","overlay-gradient":""}},"footnotes":""},"class_list":["post-2576","page","type-page","status-publish","hentry"],"_links":{"self":[{"href":"https:\/\/localpayments.ca\/fr\/wp-json\/wp\/v2\/pages\/2576","targetHints":{"allow":["GET"]}}],"collection":[{"href":"https:\/\/localpayments.ca\/fr\/wp-json\/wp\/v2\/pages"}],"about":[{"href":"https:\/\/localpayments.ca\/fr\/wp-json\/wp\/v2\/types\/page"}],"author":[{"embeddable":true,"href":"https:\/\/localpayments.ca\/fr\/wp-json\/wp\/v2\/users\/5"}],"replies":[{"embeddable":true,"href":"https:\/\/localpayments.ca\/fr\/wp-json\/wp\/v2\/comments?post=2576"}],"version-history":[{"count":1,"href":"https:\/\/localpayments.ca\/fr\/wp-json\/wp\/v2\/pages\/2576\/revisions"}],"predecessor-version":[{"id":2578,"href":"https:\/\/localpayments.ca\/fr\/wp-json\/wp\/v2\/pages\/2576\/revisions\/2578"}],"wp:attachment":[{"href":"https:\/\/localpayments.ca\/fr\/wp-json\/wp\/v2\/media?parent=2576"}],"curies":[{"name":"wp","href":"https:\/\/api.w.org\/{rel}","templated":true}]}}